{"id":1053,"date":"2023-10-14T17:40:07","date_gmt":"2023-10-14T22:40:07","guid":{"rendered":"https:\/\/jjbt.com.co\/netconsulting\/?page_id=1053"},"modified":"2023-10-17T23:24:11","modified_gmt":"2023-10-18T04:24:11","slug":"ueberwachung-bauwerkszustand","status":"publish","type":"page","link":"https:\/\/jjbt.com.co\/netconsulting\/index.php\/de\/ueberwachung-bauwerkszustand\/","title":{"rendered":"\u00dcberwachung \/ Bauwerkszustand"},"content":{"rendered":"<div id=\"pl-1053\"  class=\"panel-layout\" ><div id=\"pg-1053-0\"  class=\"panel-grid panel-has-style\" ><div class=\"titlecontent siteorigin-panels-stretch panel-row-style panel-row-style-for-1053-0\" id=\"analisis\" data-stretch-type=\"full-stretched\" ><div id=\"pgc-1053-0-0\"  class=\"panel-grid-cell\" ><div id=\"panel-1053-0-0-0\" class=\"so-panel widget widget_themegrill_flash_heading tg-widget section-title-wrapper panel-first-child panel-last-child\" data-index=\"0\" >\t<h3 class=\"section-title\">\u00dcberwachung \/ Bauwerkszustand<\/h3>\n<\/div><\/div><\/div><\/div><div id=\"pg-1053-1\"  class=\"panel-grid panel-no-style\" ><div id=\"pgc-1053-1-0\"  class=\"panel-grid-cell\" ><div id=\"panel-1053-1-0-0\" class=\"so-panel widget widget_text panel-first-child panel-last-child\" data-index=\"1\" >\t\t\t<div class=\"textwidget\"><p>\u00dcberwachung und baulicher Zustand sind wesentliche Elemente, um die Sicherheit, Integrit\u00e4t und Dauerhaftigkeit von Bauwerken zu gew\u00e4hrleisten.<\/p>\n<p>Dabei wird der Zustand eines Bauwerks im Laufe der Zeit verfolgt. Strukturelle Gesundheit\/\u00dcberwachung wird bei der strukturellen Sanierung eingesetzt, um die Wirksamkeit der durchgef\u00fchrten Ma\u00dfnahmen zu bewerten.<\/p>\n<\/div>\n\t\t<\/div><\/div><div id=\"pgc-1053-1-1\"  class=\"panel-grid-cell\" ><div id=\"panel-1053-1-1-0\" class=\"so-panel widget widget_nav_menu panel-first-child\" data-index=\"2\" ><h3 class=\"widget-title\">Angewandte Wissenschaft und Forschung<\/h3><div class=\"menu-ciencia-e-investigacion-aplicadas-de-container\"><ul id=\"menu-ciencia-e-investigacion-aplicadas-de\" class=\"menu\"><li id=\"menu-item-1132\" class=\"menu-item menu-item-type-post_type menu-item-object-page menu-item-1132\"><a href=\"https:\/\/jjbt.com.co\/netconsulting\/index.php\/de\/werkstoffe\/\">Werkstoffe<\/a><\/li>\n<li id=\"menu-item-1124\" class=\"menu-item menu-item-type-post_type menu-item-object-page menu-item-1124\"><a href=\"https:\/\/jjbt.com.co\/netconsulting\/index.php\/de\/petrografie\/\">Petrografie<\/a><\/li>\n<li id=\"menu-item-1118\" class=\"menu-item menu-item-type-post_type menu-item-object-page menu-item-1118\"><a href=\"https:\/\/jjbt.com.co\/netconsulting\/index.php\/de\/biologie\/\">Biologie<\/a><\/li>\n<li id=\"menu-item-1133\" class=\"menu-item menu-item-type-post_type menu-item-object-page menu-item-1133\"><a href=\"https:\/\/jjbt.com.co\/netconsulting\/index.php\/de\/werkstofflabor\/\">Werkstofflabor<\/a><\/li>\n<li id=\"menu-item-1122\" class=\"menu-item menu-item-type-post_type menu-item-object-page menu-item-1122\"><a href=\"https:\/\/jjbt.com.co\/netconsulting\/index.php\/de\/geotechnik\/\">Geotechnik<\/a><\/li>\n<li id=\"menu-item-1131\" class=\"menu-item menu-item-type-post_type menu-item-object-page menu-item-1131\"><a href=\"https:\/\/jjbt.com.co\/netconsulting\/index.php\/de\/wasserbau\/\">Wasserbau<\/a><\/li>\n<li id=\"menu-item-1119\" class=\"menu-item menu-item-type-post_type menu-item-object-page menu-item-1119\"><a href=\"https:\/\/jjbt.com.co\/netconsulting\/index.php\/de\/chemie\/\">Chemie<\/a><\/li>\n<\/ul><\/div><\/div><div id=\"panel-1053-1-1-1\" class=\"so-panel widget widget_nav_menu\" data-index=\"3\" ><h3 class=\"widget-title\">Beratung f\u00fcr Code, Normen, Vorschriften und Leistung<\/h3><div class=\"menu-consultoria-de-container\"><ul id=\"menu-consultoria-de\" class=\"menu\"><li id=\"menu-item-1135\" class=\"menu-item menu-item-type-post_type menu-item-object-page menu-item-1135\"><a href=\"https:\/\/jjbt.com.co\/netconsulting\/index.php\/de\/tragwerksplanung-bei-der-sanierung-von-bauwerken\/\">Tragwerksplanung bei der Sanierung von Bauwerken<\/a><\/li>\n<li id=\"menu-item-1134\" class=\"menu-item menu-item-type-post_type menu-item-object-page menu-item-1134\"><a href=\"https:\/\/jjbt.com.co\/netconsulting\/index.php\/de\/g-sst-a-sigeko\/\">G SST-A \u2013 SiGeKO<\/a><\/li>\n<li id=\"menu-item-1137\" class=\"menu-item menu-item-type-post_type menu-item-object-page menu-item-1137\"><a href=\"https:\/\/jjbt.com.co\/netconsulting\/index.php\/de\/recht\/\">Recht<\/a><\/li>\n<li id=\"menu-item-1138\" class=\"menu-item menu-item-type-post_type menu-item-object-page menu-item-1138\"><a href=\"https:\/\/jjbt.com.co\/netconsulting\/index.php\/de\/risikoanalyse\/\">Risikoanalyse<\/a><\/li>\n<li id=\"menu-item-1136\" class=\"menu-item menu-item-type-post_type menu-item-object-page menu-item-1136\"><a href=\"https:\/\/jjbt.com.co\/netconsulting\/index.php\/de\/finanzen\/\">Finanzen<\/a><\/li>\n<li id=\"menu-item-1139\" class=\"menu-item menu-item-type-post_type menu-item-object-page menu-item-1139\"><a href=\"https:\/\/jjbt.com.co\/netconsulting\/index.php\/de\/logistik-verkehrsbetrieb\/\">Logistik \/ Verkehrsbetrieb<\/a><\/li>\n<\/ul><\/div><\/div><div id=\"panel-1053-1-1-2\" class=\"so-panel widget widget_nav_menu panel-last-child\" data-index=\"4\" ><h3 class=\"widget-title\">Fortgeschrittene Strukturanalyse<\/h3><div class=\"menu-analisis-estructural-de-container\"><ul id=\"menu-analisis-estructural-de\" class=\"menu\"><li id=\"menu-item-1141\" class=\"menu-item menu-item-type-post_type menu-item-object-page menu-item-1141\"><a href=\"https:\/\/jjbt.com.co\/netconsulting\/index.php\/de\/ueberwachung-bauwerkszustand\/\">\u00dcberwachung \/ Bauwerkszustand<\/a><\/li>\n<li id=\"menu-item-1140\" class=\"menu-item menu-item-type-post_type menu-item-object-page menu-item-1140\"><a href=\"https:\/\/jjbt.com.co\/netconsulting\/index.php\/de\/ueberwachung-zur-ermittlung-des-aktuellen-zustands-und-der-leistungsfaehigkeit-des-bauwerks-intervention\/\">\u00dcberwachung zur Ermittlung des aktuellen Zustands und der Leistungsf\u00e4higkeit des Bauwerks Intervention<\/a><\/li>\n<li id=\"menu-item-1265\" class=\"menu-item menu-item-type-post_type menu-item-object-page menu-item-1265\"><a href=\"https:\/\/jjbt.com.co\/netconsulting\/index.php\/de\/forschungsarbeiten-vor-ort-und-im-buero\/\">Forschungsarbeiten vor Ort und im B\u00fcro<\/a><\/li>\n<li id=\"menu-item-1266\" class=\"menu-item menu-item-type-post_type menu-item-object-page menu-item-1266\"><a href=\"https:\/\/jjbt.com.co\/netconsulting\/index.php\/de\/spezifische-und-spezialisierte-kenntnisse-in-materialdesign-und-ausfuehrung\/\">Spezifische und spezialisierte Kenntnisse in Materialdesign und -ausf\u00fchrung<\/a><\/li>\n<li id=\"menu-item-1267\" class=\"menu-item menu-item-type-post_type menu-item-object-page menu-item-1267\"><a href=\"https:\/\/jjbt.com.co\/netconsulting\/index.php\/de\/planung-der-strukturellen-sanierung\/\">Planung der strukturellen Sanierung<\/a><\/li>\n<li id=\"menu-item-1268\" class=\"menu-item menu-item-type-post_type menu-item-object-page menu-item-1268\"><a href=\"https:\/\/jjbt.com.co\/netconsulting\/index.php\/de\/entwurf-eines-temporaeren-traggeruests\/\">Entwurf eines tempor\u00e4ren Tragger\u00fcsts<\/a><\/li>\n<li id=\"menu-item-1269\" class=\"menu-item menu-item-type-post_type menu-item-object-page menu-item-1269\"><a href=\"https:\/\/jjbt.com.co\/netconsulting\/index.php\/de\/auswahl-des-materials\/\">Auswahl des Materials<\/a><\/li>\n<li id=\"menu-item-1270\" class=\"menu-item menu-item-type-post_type menu-item-object-page menu-item-1270\"><a href=\"https:\/\/jjbt.com.co\/netconsulting\/index.php\/de\/auswahl-der-methode-und-planung-der-technik-zur-sanierung-reparatur-verstaerkung-und-zum-schutz-einer-stahlbeton-oder-stahlkonstruktion\/\">Auswahl der Methode und Planung der Technik zur Sanierung, Reparatur, Verst\u00e4rkung und zum Schutz einer Stahlbeton- oder Stahlkonstruktion<\/a><\/li>\n<li id=\"menu-item-1271\" class=\"menu-item menu-item-type-post_type menu-item-object-page menu-item-1271\"><a href=\"https:\/\/jjbt.com.co\/netconsulting\/index.php\/de\/entwurf-fuer-korrosionsschutz-und-bekaempfung\/\">Entwurf f\u00fcr Korrosionsschutz und -bek\u00e4mpfung<\/a><\/li>\n<li id=\"menu-item-1273\" class=\"menu-item menu-item-type-post_type menu-item-object-page menu-item-1273\"><a href=\"https:\/\/jjbt.com.co\/netconsulting\/index.php\/de\/entwurf-und-spezifikation-von-verstaerkungsstrukturen-mit-frp-verbundwerkstoffen\/\">Entwurf und Spezifikation von Verst\u00e4rkungsstrukturen mit FRP-Verbundwerkstoffen<\/a><\/li>\n<li id=\"menu-item-1272\" class=\"menu-item menu-item-type-post_type menu-item-object-page menu-item-1272\"><a href=\"https:\/\/jjbt.com.co\/netconsulting\/index.php\/de\/kostenvoranschlag-fuer-den-geplanten-eingriff\/\">Kostenvoranschlag f\u00fcr den geplanten Eingriff<\/a><\/li>\n<\/ul><\/div><\/div><\/div><\/div><\/div>","protected":false},"excerpt":{"rendered":"<p>\u00dcberwachung und baulicher Zustand sind wesentliche Elemente, um die Sicherheit, Integrit\u00e4t und Dauerhaftigkeit von Bauwerken zu gew\u00e4hrleisten. Dabei wird der [&hellip;]<\/p>\n","protected":false},"author":1,"featured_media":0,"parent":0,"menu_order":0,"comment_status":"closed","ping_status":"closed","template":"","meta":{"footnotes":""},"class_list":["post-1053","page","type-page","status-publish","hentry"],"_links":{"self":[{"href":"https:\/\/jjbt.com.co\/netconsulting\/index.php\/wp-json\/wp\/v2\/pages\/1053","targetHints":{"allow":["GET"]}}],"collection":[{"href":"https:\/\/jjbt.com.co\/netconsulting\/index.php\/wp-json\/wp\/v2\/pages"}],"about":[{"href":"https:\/\/jjbt.com.co\/netconsulting\/index.php\/wp-json\/wp\/v2\/types\/page"}],"author":[{"embeddable":true,"href":"https:\/\/jjbt.com.co\/netconsulting\/index.php\/wp-json\/wp\/v2\/users\/1"}],"replies":[{"embeddable":true,"href":"https:\/\/jjbt.com.co\/netconsulting\/index.php\/wp-json\/wp\/v2\/comments?post=1053"}],"version-history":[{"count":4,"href":"https:\/\/jjbt.com.co\/netconsulting\/index.php\/wp-json\/wp\/v2\/pages\/1053\/revisions"}],"predecessor-version":[{"id":1678,"href":"https:\/\/jjbt.com.co\/netconsulting\/index.php\/wp-json\/wp\/v2\/pages\/1053\/revisions\/1678"}],"wp:attachment":[{"href":"https:\/\/jjbt.com.co\/netconsulting\/index.php\/wp-json\/wp\/v2\/media?parent=1053"}],"curies":[{"name":"wp","href":"https:\/\/api.w.org\/{rel}","templated":true}]}}