{"id":1184,"date":"2023-10-15T10:52:36","date_gmt":"2023-10-15T15:52:36","guid":{"rendered":"https:\/\/jjbt.com.co\/netconsulting\/?page_id=1184"},"modified":"2023-10-17T23:31:41","modified_gmt":"2023-10-18T04:31:41","slug":"diseno-del-apuntalamiento-temporal-de-carga","status":"publish","type":"page","link":"https:\/\/jjbt.com.co\/netconsulting\/index.php\/diseno-del-apuntalamiento-temporal-de-carga\/","title":{"rendered":"Dise\u00f1o del apuntalamiento temporal de carga"},"content":{"rendered":"<div id=\"pl-1184\"  class=\"panel-layout\" ><div id=\"pg-1184-0\"  class=\"panel-grid panel-has-style\" ><div class=\"titlecontent siteorigin-panels-stretch panel-row-style panel-row-style-for-1184-0\" id=\"analisis\" data-stretch-type=\"full-stretched\" ><div id=\"pgc-1184-0-0\"  class=\"panel-grid-cell\" ><div id=\"panel-1184-0-0-0\" class=\"so-panel widget widget_themegrill_flash_heading tg-widget section-title-wrapper panel-first-child panel-last-child\" data-index=\"0\" >\t<h3 class=\"section-title\">Dise\u00f1o del apuntalamiento temporal de carga<\/h3>\n<\/div><\/div><\/div><\/div><div id=\"pg-1184-1\"  class=\"panel-grid panel-no-style\" ><div id=\"pgc-1184-1-0\"  class=\"panel-grid-cell\" ><div id=\"panel-1184-1-0-0\" class=\"so-panel widget widget_text panel-first-child panel-last-child\" data-index=\"1\" >\t\t\t<div class=\"textwidget\"><p>Es el proceso de dise\u00f1o de estructuras temporales que se utilizan para soportar la carga de una estructura mientras se realizan las intervenciones. El dise\u00f1o del apuntalamiento temporal de carga es un elemento esencial para garantizar la seguridad y la integridad de las estructuras durante el proceso de rehabilitaci\u00f3n. <\/p>\n<\/div>\n\t\t<\/div><\/div><div id=\"pgc-1184-1-1\"  class=\"panel-grid-cell\" ><div id=\"panel-1184-1-1-0\" class=\"so-panel widget widget_nav_menu panel-first-child\" data-index=\"2\" ><h3 class=\"widget-title\">Ciencia e Investigaci\u00f3n aplicadas<\/h3><div class=\"menu-ciencia-e-investigacion-aplicadas-esp-container\"><ul id=\"menu-ciencia-e-investigacion-aplicadas-esp\" class=\"menu\"><li id=\"menu-item-719\" class=\"menu-item menu-item-type-post_type menu-item-object-portfolio menu-item-719\"><a href=\"https:\/\/jjbt.com.co\/netconsulting\/index.php\/portfolio\/materiales\/\">Materiales<\/a><\/li>\n<li id=\"menu-item-720\" class=\"menu-item menu-item-type-post_type menu-item-object-portfolio menu-item-720\"><a href=\"https:\/\/jjbt.com.co\/netconsulting\/index.php\/portfolio\/petrografia\/\">Petrograf\u00eda<\/a><\/li>\n<li id=\"menu-item-721\" class=\"menu-item menu-item-type-post_type menu-item-object-portfolio menu-item-721\"><a href=\"https:\/\/jjbt.com.co\/netconsulting\/index.php\/portfolio\/laboratorio-de-materiales\/\">Laboratorio de Materiales<\/a><\/li>\n<li id=\"menu-item-722\" class=\"menu-item menu-item-type-post_type menu-item-object-portfolio menu-item-722\"><a href=\"https:\/\/jjbt.com.co\/netconsulting\/index.php\/portfolio\/geotecnica\/\">Geot\u00e9cnica<\/a><\/li>\n<li id=\"menu-item-723\" class=\"menu-item menu-item-type-post_type menu-item-object-portfolio menu-item-723\"><a href=\"https:\/\/jjbt.com.co\/netconsulting\/index.php\/portfolio\/hidraulica\/\">Hidr\u00e1ulica<\/a><\/li>\n<li id=\"menu-item-716\" class=\"menu-item menu-item-type-post_type menu-item-object-portfolio menu-item-716\"><a href=\"https:\/\/jjbt.com.co\/netconsulting\/index.php\/portfolio\/biologia\/\">Biolog\u00eda<\/a><\/li>\n<li id=\"menu-item-717\" class=\"menu-item menu-item-type-post_type menu-item-object-portfolio menu-item-717\"><a href=\"https:\/\/jjbt.com.co\/netconsulting\/index.php\/portfolio\/quimica\/\">Qu\u00edmica<\/a><\/li>\n<\/ul><\/div><\/div><div id=\"panel-1184-1-1-1\" class=\"so-panel widget widget_nav_menu\" data-index=\"3\" ><h3 class=\"widget-title\">Consultor\u00eda de c\u00f3digo, normatividad, regulaciones y desempe\u00f1o<\/h3><div class=\"menu-consultoria-esp-container\"><ul id=\"menu-consultoria-esp\" class=\"menu\"><li id=\"menu-item-820\" class=\"menu-item menu-item-type-post_type menu-item-object-portfolio menu-item-820\"><a href=\"https:\/\/jjbt.com.co\/netconsulting\/index.php\/portfolio\/diseno-estructural-en-la-rehabilitacion-de-estructuras\/\">Dise\u00f1o Estructural en la Rehabilitaci\u00f3n de Estructuras<\/a><\/li>\n<li id=\"menu-item-822\" class=\"menu-item menu-item-type-post_type menu-item-object-portfolio menu-item-822\"><a href=\"https:\/\/jjbt.com.co\/netconsulting\/index.php\/portfolio\/sg-sst-a-2\/\">SG SST-A<\/a><\/li>\n<li id=\"menu-item-821\" class=\"menu-item menu-item-type-post_type menu-item-object-portfolio menu-item-821\"><a href=\"https:\/\/jjbt.com.co\/netconsulting\/index.php\/portfolio\/analisis-de-riesgo\/\">An\u00e1lisis de Riesgo<\/a><\/li>\n<li id=\"menu-item-823\" class=\"menu-item menu-item-type-post_type menu-item-object-portfolio menu-item-823\"><a href=\"https:\/\/jjbt.com.co\/netconsulting\/index.php\/portfolio\/finanzas\/\">Finanzas<\/a><\/li>\n<li id=\"menu-item-824\" class=\"menu-item menu-item-type-post_type menu-item-object-portfolio menu-item-824\"><a href=\"https:\/\/jjbt.com.co\/netconsulting\/index.php\/portfolio\/logistica-operacion-trafico\/\">Log\u00edstica \/ Operaci\u00f3n Tr\u00e1fico<\/a><\/li>\n<\/ul><\/div><\/div><div id=\"panel-1184-1-1-2\" class=\"so-panel widget widget_nav_menu panel-last-child\" data-index=\"4\" ><h3 class=\"widget-title\">An\u00e1lisis estructural avanzado<\/h3><div class=\"menu-analisis-estructural-esp-container\"><ul id=\"menu-analisis-estructural-esp\" class=\"menu\"><li id=\"menu-item-826\" class=\"menu-item menu-item-type-post_type menu-item-object-portfolio menu-item-826\"><a href=\"https:\/\/jjbt.com.co\/netconsulting\/index.php\/portfolio\/monitoreo-salud-estructural\/\">Monitoreo \/ Salud Estructural<\/a><\/li>\n<li id=\"menu-item-825\" class=\"menu-item menu-item-type-post_type menu-item-object-portfolio menu-item-825\"><a href=\"https:\/\/jjbt.com.co\/netconsulting\/index.php\/portfolio\/monitoreo-para-identificar-situacion-actual-y-desempeno-de-la-intervencion-estructural\/\">Monitoreo para identificar situaci\u00f3n actual y desempe\u00f1o de la intervenci\u00f3n estructural<\/a><\/li>\n<li id=\"menu-item-827\" class=\"menu-item menu-item-type-post_type menu-item-object-portfolio menu-item-827\"><a href=\"https:\/\/jjbt.com.co\/netconsulting\/index.php\/portfolio\/trabajo-de-investigacion-en-campo-y-oficina\/\">Trabajo de investigaci\u00f3n en campo y oficina<\/a><\/li>\n<li id=\"menu-item-828\" class=\"menu-item menu-item-type-post_type menu-item-object-portfolio menu-item-828\"><a href=\"https:\/\/jjbt.com.co\/netconsulting\/index.php\/portfolio\/conocimiento-especifico-y-especializado-en-el-diseno-de-material-y-ejecucion\/\">Conocimiento espec\u00edfico y especializado en el dise\u00f1o de material y ejecuci\u00f3n<\/a><\/li>\n<li id=\"menu-item-830\" class=\"menu-item menu-item-type-post_type menu-item-object-portfolio menu-item-830\"><a href=\"https:\/\/jjbt.com.co\/netconsulting\/index.php\/portfolio\/diseno-de-la-rehabilitacion-estructural\/\">Dise\u00f1o de la rehabilitaci\u00f3n estructural<\/a><\/li>\n<li id=\"menu-item-829\" class=\"menu-item menu-item-type-post_type menu-item-object-portfolio menu-item-829\"><a href=\"https:\/\/jjbt.com.co\/netconsulting\/index.php\/portfolio\/diseno-del-apuntalamiento-temporal-de-carga\/\">Dise\u00f1o del apuntalamiento temporal de carga<\/a><\/li>\n<li id=\"menu-item-833\" class=\"menu-item menu-item-type-post_type menu-item-object-portfolio menu-item-833\"><a href=\"https:\/\/jjbt.com.co\/netconsulting\/index.php\/portfolio\/seleccion-de-materiales\/\">Selecci\u00f3n de materiales<\/a><\/li>\n<li id=\"menu-item-832\" class=\"menu-item menu-item-type-post_type menu-item-object-portfolio menu-item-832\"><a href=\"https:\/\/jjbt.com.co\/netconsulting\/index.php\/portfolio\/seleccion-del-metodo-y-diseno-de-la-tecnica-para-sanear-reparar-reforzar-y-proteger-una-estructura-de-concreto-reforzado-o-metalica\/\">Selecci\u00f3n del m\u00e9todo y dise\u00f1o de la t\u00e9cnica para sanear, reparar Reforzar y proteger una estructura de concreto reforzado o met\u00e1lica<\/a><\/li>\n<li id=\"menu-item-831\" class=\"menu-item menu-item-type-post_type menu-item-object-portfolio menu-item-831\"><a href=\"https:\/\/jjbt.com.co\/netconsulting\/index.php\/portfolio\/diseno-para-el-control-y-proteccion-de-la-corrosion\/\">Dise\u00f1o para el control y protecci\u00f3n de la corrosi\u00f3n<\/a><\/li>\n<li id=\"menu-item-834\" class=\"menu-item menu-item-type-post_type menu-item-object-portfolio menu-item-834\"><a href=\"https:\/\/jjbt.com.co\/netconsulting\/index.php\/portfolio\/diseno-y-especificacion-para-reforzar-estructuras-con-materiales-compuestos-frp\/\">Dise\u00f1o y especificaci\u00f3n para reforzar estructuras con materiales compuestos FRP<\/a><\/li>\n<li id=\"menu-item-835\" class=\"menu-item menu-item-type-post_type menu-item-object-portfolio menu-item-835\"><a href=\"https:\/\/jjbt.com.co\/netconsulting\/index.php\/portfolio\/presupuesto-de-la-intervencion-disenada\/\">Presupuesto de la intervenci\u00f3n dise\u00f1ada<\/a><\/li>\n<\/ul><\/div><\/div><\/div><\/div><\/div>","protected":false},"excerpt":{"rendered":"<p>Es el proceso de dise\u00f1o de estructuras temporales que se utilizan para soportar la carga de una estructura mientras se [&hellip;]<\/p>\n","protected":false},"author":1,"featured_media":0,"parent":0,"menu_order":0,"comment_status":"closed","ping_status":"closed","template":"","meta":{"footnotes":""},"class_list":["post-1184","page","type-page","status-publish","hentry"],"_links":{"self":[{"href":"https:\/\/jjbt.com.co\/netconsulting\/index.php\/wp-json\/wp\/v2\/pages\/1184","targetHints":{"allow":["GET"]}}],"collection":[{"href":"https:\/\/jjbt.com.co\/netconsulting\/index.php\/wp-json\/wp\/v2\/pages"}],"about":[{"href":"https:\/\/jjbt.com.co\/netconsulting\/index.php\/wp-json\/wp\/v2\/types\/page"}],"author":[{"embeddable":true,"href":"https:\/\/jjbt.com.co\/netconsulting\/index.php\/wp-json\/wp\/v2\/users\/1"}],"replies":[{"embeddable":true,"href":"https:\/\/jjbt.com.co\/netconsulting\/index.php\/wp-json\/wp\/v2\/comments?post=1184"}],"version-history":[{"count":4,"href":"https:\/\/jjbt.com.co\/netconsulting\/index.php\/wp-json\/wp\/v2\/pages\/1184\/revisions"}],"predecessor-version":[{"id":1706,"href":"https:\/\/jjbt.com.co\/netconsulting\/index.php\/wp-json\/wp\/v2\/pages\/1184\/revisions\/1706"}],"wp:attachment":[{"href":"https:\/\/jjbt.com.co\/netconsulting\/index.php\/wp-json\/wp\/v2\/media?parent=1184"}],"curies":[{"name":"wp","href":"https:\/\/api.w.org\/{rel}","templated":true}]}}